{"id":27,"date":"2025-06-18T10:11:13","date_gmt":"2025-06-18T08:11:13","guid":{"rendered":"https:\/\/www.lescircaciers.com\/?page_id=27"},"modified":"2025-06-18T16:41:52","modified_gmt":"2025-06-18T14:41:52","slug":"lieux-de-creation","status":"publish","type":"page","link":"https:\/\/www.lescircaciers.com\/index.php\/lieux-de-creation\/","title":{"rendered":"LIEUX DE CR\u00c9ATION"},"content":{"rendered":"\n<div class=\"wp-block-media-text has-media-on-the-right is-stacked-on-mobile is-vertically-aligned-center\" style=\"grid-template-columns:auto 62%\"><div class=\"wp-block-media-text__content\">\n<p class=\"has-text-align-center has-medium-font-size\"><strong>LA M\u00c9TA-HALLE<\/strong><\/p>\n\n\n\n<p class=\"has-text-align-center has-medium-font-size\"><em>\u00cele de Nantes<\/em><\/p>\n\n\n\n<p class=\"has-text-align-center has-medium-font-size\">Janvier > Avril 2022<\/p>\n<\/div><figure class=\"wp-block-media-text__media\"><img loading=\"lazy\" decoding=\"async\" width=\"1024\" height=\"683\" src=\"http:\/\/www.lescircaciers.com\/wp-content\/uploads\/2025\/06\/Design-sans-titre-32-1-1024x683.jpg\" alt=\"\" class=\"wp-image-38 size-full\" srcset=\"https:\/\/www.lescircaciers.com\/wp-content\/uploads\/2025\/06\/Design-sans-titre-32-1-1024x683.jpg 1024w, https:\/\/www.lescircaciers.com\/wp-content\/uploads\/2025\/06\/Design-sans-titre-32-1-300x200.jpg 300w, https:\/\/www.lescircaciers.com\/wp-content\/uploads\/2025\/06\/Design-sans-titre-32-1-768x512.jpg 768w, https:\/\/www.lescircaciers.com\/wp-content\/uploads\/2025\/06\/Design-sans-titre-32-1-1536x1024.jpg 1536w, https:\/\/www.lescircaciers.com\/wp-content\/uploads\/2025\/06\/Design-sans-titre-32-1.jpg 1777w\" sizes=\"auto, (max-width: 1024px) 100vw, 1024px\" \/><\/figure><\/div>\n\n\n\n<div class=\"wp-block-media-text has-media-on-the-right is-stacked-on-mobile\" style=\"grid-template-columns:auto 62%\"><div class=\"wp-block-media-text__content\">\n<p class=\"has-text-align-center has-medium-font-size\"><strong>TERRAIN~VAGUE<\/strong><\/p>\n\n\n\n<p class=\"has-text-align-center has-medium-font-size\"><em>Redon<\/em><\/p>\n\n\n\n<p class=\"has-text-align-center has-medium-font-size\">2022 > 2025<\/p>\n<\/div><figure class=\"wp-block-media-text__media\"><img loading=\"lazy\" decoding=\"async\" width=\"1024\" height=\"568\" src=\"https:\/\/www.lescircaciers.com\/wp-content\/uploads\/2025\/05\/1-1024x568.jpg\" alt=\"\" class=\"wp-image-9 size-large\" srcset=\"https:\/\/www.lescircaciers.com\/wp-content\/uploads\/2025\/05\/1-1024x568.jpg 1024w, https:\/\/www.lescircaciers.com\/wp-content\/uploads\/2025\/05\/1-300x166.jpg 300w, https:\/\/www.lescircaciers.com\/wp-content\/uploads\/2025\/05\/1-768x426.jpg 768w, https:\/\/www.lescircaciers.com\/wp-content\/uploads\/2025\/05\/1-1536x852.jpg 1536w, https:\/\/www.lescircaciers.com\/wp-content\/uploads\/2025\/05\/1.jpg 2048w\" sizes=\"auto, (max-width: 1024px) 100vw, 1024px\" \/><\/figure><\/div>\n\n\n\n<div class=\"wp-block-media-text has-media-on-the-right is-stacked-on-mobile is-vertically-aligned-center\" style=\"grid-template-columns:auto 62%\"><div class=\"wp-block-media-text__content\">\n<p class=\"has-text-align-center has-medium-font-size\"><strong>LA CARROSSERIE<\/strong><\/p>\n\n\n\n<p class=\"has-text-align-center has-medium-font-size\"><em>Nantes Sud<\/em><\/p>\n\n\n\n<p class=\"has-text-align-center has-medium-font-size\">Printemps 2023 > \u00c9t\u00e9 2024<\/p>\n<\/div><figure class=\"wp-block-media-text__media\"><img loading=\"lazy\" decoding=\"async\" width=\"996\" height=\"1024\" src=\"https:\/\/www.lescircaciers.com\/wp-content\/uploads\/2025\/06\/Design-sans-titre-32-3-996x1024.jpg\" alt=\"\" class=\"wp-image-89 size-large\" srcset=\"https:\/\/www.lescircaciers.com\/wp-content\/uploads\/2025\/06\/Design-sans-titre-32-3-996x1024.jpg 996w, https:\/\/www.lescircaciers.com\/wp-content\/uploads\/2025\/06\/Design-sans-titre-32-3-292x300.jpg 292w, https:\/\/www.lescircaciers.com\/wp-content\/uploads\/2025\/06\/Design-sans-titre-32-3-768x790.jpg 768w, https:\/\/www.lescircaciers.com\/wp-content\/uploads\/2025\/06\/Design-sans-titre-32-3.jpg 1050w\" sizes=\"auto, (max-width: 996px) 100vw, 996px\" \/><\/figure><\/div>\n\n\n\n<p><\/p>\n","protected":false},"excerpt":{"rendered":"<p>LA M\u00c9TA-HALLE \u00cele de Nantes Janvier > Avril 2022 TERRAIN~VAGUE Redon 2022 > 2025 LA CARROSSERIE Nantes Sud Printemps 2023 > \u00c9t\u00e9 2024<\/p>\n","protected":false},"author":1,"featured_media":0,"parent":0,"menu_order":0,"comment_status":"closed","ping_status":"closed","template":"","meta":{"footnotes":""},"class_list":["post-27","page","type-page","status-publish","hentry"],"_links":{"self":[{"href":"https:\/\/www.lescircaciers.com\/index.php\/wp-json\/wp\/v2\/pages\/27","targetHints":{"allow":["GET"]}}],"collection":[{"href":"https:\/\/www.lescircaciers.com\/index.php\/wp-json\/wp\/v2\/pages"}],"about":[{"href":"https:\/\/www.lescircaciers.com\/index.php\/wp-json\/wp\/v2\/types\/page"}],"author":[{"embeddable":true,"href":"https:\/\/www.lescircaciers.com\/index.php\/wp-json\/wp\/v2\/users\/1"}],"replies":[{"embeddable":true,"href":"https:\/\/www.lescircaciers.com\/index.php\/wp-json\/wp\/v2\/comments?post=27"}],"version-history":[{"count":9,"href":"https:\/\/www.lescircaciers.com\/index.php\/wp-json\/wp\/v2\/pages\/27\/revisions"}],"predecessor-version":[{"id":199,"href":"https:\/\/www.lescircaciers.com\/index.php\/wp-json\/wp\/v2\/pages\/27\/revisions\/199"}],"wp:attachment":[{"href":"https:\/\/www.lescircaciers.com\/index.php\/wp-json\/wp\/v2\/media?parent=27"}],"curies":[{"name":"wp","href":"https:\/\/api.w.org\/{rel}","templated":true}]}}