{"id":565,"date":"2025-06-30T11:00:55","date_gmt":"2025-06-30T09:00:55","guid":{"rendered":"https:\/\/www.lescircaciers.com\/?page_id=565"},"modified":"2025-09-25T09:52:31","modified_gmt":"2025-09-25T07:52:31","slug":"equipe","status":"publish","type":"page","link":"https:\/\/www.lescircaciers.com\/index.php\/equipe\/","title":{"rendered":"\u00c9quipage"},"content":{"rendered":"\n<p>L\u2019essence des Circaciers c\u2019est la rencontre entre les mondes de l\u2019<strong>architecture<\/strong>, de l\u2019<strong>urbanisme<\/strong>, du <strong>paysagisme<\/strong>, avec les champs de la cr\u00e9ation artistique, artisanale et culturelle.<\/p>\n\n\n\n<p>Ainsi,\u00a0Les Circaciers se sont ainsi sp\u00e9cialis\u00e9s dans les champs de l&#8217;<strong>urbanisme culturel<\/strong> et de l\u2019<strong>urbanisme transitoire<\/strong>.<\/p>\n\n\n\n<p>\u00c0 l\u2019origine des Circaciers, c\u2019est la rencontre en <strong>deux cofondateur\u00b7ice\u00b7s <\/strong>: Franck Cardinal, architecte et artisan m\u00e9tallier; et Pauline Semo coordinatrice de projets culturels; <strong>appuy\u00e9\u00b7e\u00b7s par un collectif <\/strong>mixte issu des milieux de la culture et de l\u2019urbanisme.<\/p>\n\n\n\n<p>Ponctuellement nous accueillons des volontaires en service civique, des stagiaires et \u00e9tudiant\u00b7e\u00b7s en apprentissage, contribuant \u00e0 l&#8217;<strong>insertion des jeunes dans le champ culturel<\/strong>.<\/p>\n\n\n\n<p><strong>Pour en savoir + sur l&#8217;\u00e9quipage \u25b6 \u25b6 \u25b6<\/strong><\/p>\n\n\n\n<details class=\"wp-block-details is-layout-flow wp-block-details-is-layout-flow\"><summary>Franck CARDINAL \u00b7 Co-coordinateur technique et cr\u00e9ation m\u00e9tal<\/summary><a style=\"font-size:14px;\" class=\"wp-elements-affdff1cd961e19a61b735cbe33355da wp-block-read-more has-text-color has-black-color\" href=\"https:\/\/www.lescircaciers.com\/index.php\/equipe\/\" target=\"_self\">Cofondateur, Artiste Associ\u00e9 et c&#8217;est le Responsable Technique des activit\u00e9s d\u00e9velopp\u00e9es par Les Circaciers, il est aussi Artisan m\u00e9tallier ind\u00e9pendant travaillant pour des commandes artistiques, ex : Enzo Weyne magicien international, Maxime Aumon \u00e9crivain voyageur et architecte, am\u00e9nagement<em> art car <\/em>Lascar Capac etc.<br><br>Actuellement collaborateur r\u00e9gulier pour La Sauge \/ L\u2019Agronaute, Le Cin\u00e9 Manivel. Auparavant : Plateau Urbain, Soukmachines, Bellastock&#8230; R\u00e9gie B\u00e2timent, r\u00e9habilitation friches industrielles, am\u00e9nagement r\u00e9emploi, interventions toiture, g\u00e9om\u00e9trage, plans&#8230;<br><br>Cr\u00e9ations artistiques, mobilier urbain cr\u00e9atif, organisation de workshops, performances fonderie en collaboration avec Alexandre Chemetoff et QUARTUS, intervention pour Les Mus\u00e9es Angers<br><br><em>Formations :\u00a0<\/em>\u00b7 Dipl\u00f4me d\u2019Architecte d\u2019\u00c9tat avec mention Tr\u00e8s Bien ENSA &#8211; Versailles \u00b7 \u00c9change \u00e0 l\u2019\u00c9cole d\u2019Architecture Navale-Italie \u00b7 Lyc\u00e9e Arts Appliqu\u00e9s Lyc\u00e9e Renoir &#8211; Paris<span class=\"screen-reader-text\">: \u00c9quipage<\/span><\/a><\/details>\n\n\n\n<details class=\"wp-block-details is-layout-flow wp-block-details-is-layout-flow\"><summary>Pauline SEMO \u00b7 Co-coordinatrice administrative et artistique<\/summary><a style=\"font-size:14px;\" class=\"wp-elements-cf761f8c3e9a07b25575077e912272eb wp-block-read-more has-text-color has-black-color\" href=\"https:\/\/www.lescircaciers.com\/index.php\/equipe\/\" target=\"_self\">Cofondatrice puis Co-coordinatrice des Circaciers, des lieux de cr\u00e9ation, actions culturelles et \u00e9v\u00e9nements artistiques. <br>Auparavant, Production des \u00e9v\u00e9nements et lieux par Soukmachines; Coordination de festivals de cirque, arts de la rue, cin\u00e9ma; Directrice artistique d\u2019expositions; Charg\u00e9e de communication, des partenariats<br><br><em>Formations professionnelles <\/em>:\u00a0\u00b7 Piloter Un Tiers-Lieu  \u00b7 Comptabilit\u00e9 des associations du\u00a0spectacle \u00b7 Pr\u00e9vention des risques et s\u00e9curit\u00e9 pour le certificat valant licence d\u2019exploitant \/ <em>Formation universitaire<\/em> : M2 Projets culturels en espace public -Paris 1 \u00b7 M2 Conduite de projets culturels,\u00a0connaissance des publics -Paris 10 \u00b7 M1 Conception et direction de projets -Paris 3 \u00b7 Licence M\u00e9diation culturelle -Paris 3<span class=\"screen-reader-text\">: \u00c9quipage<\/span><\/a><\/details>\n\n\n\n<p><\/p>\n","protected":false},"excerpt":{"rendered":"<p>L\u2019essence des Circaciers c\u2019est la rencontre entre les mondes de l\u2019architecture, de l\u2019urbanisme, du paysagisme, avec les champs de la cr\u00e9ation artistique, artisanale et culturelle. Ainsi,\u00a0Les Circaciers se sont ainsi sp\u00e9cialis\u00e9s dans les champs de l&#8217;urbanisme culturel et de l\u2019urbanisme transitoire. \u00c0 l\u2019origine des Circaciers, c\u2019est la rencontre en deux cofondateur\u00b7ice\u00b7s : Franck Cardinal, architecte &hellip;<\/p>\n","protected":false},"author":1,"featured_media":0,"parent":0,"menu_order":0,"comment_status":"closed","ping_status":"closed","template":"","meta":{"footnotes":""},"class_list":["post-565","page","type-page","status-publish","hentry"],"_links":{"self":[{"href":"https:\/\/www.lescircaciers.com\/index.php\/wp-json\/wp\/v2\/pages\/565","targetHints":{"allow":["GET"]}}],"collection":[{"href":"https:\/\/www.lescircaciers.com\/index.php\/wp-json\/wp\/v2\/pages"}],"about":[{"href":"https:\/\/www.lescircaciers.com\/index.php\/wp-json\/wp\/v2\/types\/page"}],"author":[{"embeddable":true,"href":"https:\/\/www.lescircaciers.com\/index.php\/wp-json\/wp\/v2\/users\/1"}],"replies":[{"embeddable":true,"href":"https:\/\/www.lescircaciers.com\/index.php\/wp-json\/wp\/v2\/comments?post=565"}],"version-history":[{"count":6,"href":"https:\/\/www.lescircaciers.com\/index.php\/wp-json\/wp\/v2\/pages\/565\/revisions"}],"predecessor-version":[{"id":641,"href":"https:\/\/www.lescircaciers.com\/index.php\/wp-json\/wp\/v2\/pages\/565\/revisions\/641"}],"wp:attachment":[{"href":"https:\/\/www.lescircaciers.com\/index.php\/wp-json\/wp\/v2\/media?parent=565"}],"curies":[{"name":"wp","href":"https:\/\/api.w.org\/{rel}","templated":true}]}}