{"id":68,"date":"2025-06-18T11:15:19","date_gmt":"2025-06-18T09:15:19","guid":{"rendered":"https:\/\/www.lescircaciers.com\/?page_id=68"},"modified":"2025-07-01T11:43:11","modified_gmt":"2025-07-01T09:43:11","slug":"portfolio","status":"publish","type":"page","link":"https:\/\/www.lescircaciers.com\/index.php\/portfolio\/","title":{"rendered":"PORTFOLIO"},"content":{"rendered":"\n<p>Pr\u00e9sentation visuelle avec les photographies majeures pr\u00e9sentant les activit\u00e9s des Circaciers &gt;&gt;<\/p>\n\n\n\n<p>Un MERCI immense aux photographes qui nous accompagnement : S\u00e9bastien Dolidon, A.P., Herv\u00e9 Photograff, Iheb Fehri, AL PHOTO, Marion Gatineau, Max Ageloh, Florian B\u00e9renguer, Simon Torlotin, Sylvia Pires Da Rochha, Alain Amet &#8230;<\/p>\n\n\n\n<figure class=\"wp-block-image size-large\"><img loading=\"lazy\" decoding=\"async\" width=\"1024\" height=\"684\" src=\"https:\/\/www.lescircaciers.com\/wp-content\/uploads\/2025\/06\/490300738_9581112161955546_4129409499099582606_n-1024x684.jpg\" alt=\"\" class=\"wp-image-37\" srcset=\"https:\/\/www.lescircaciers.com\/wp-content\/uploads\/2025\/06\/490300738_9581112161955546_4129409499099582606_n-1024x684.jpg 1024w, https:\/\/www.lescircaciers.com\/wp-content\/uploads\/2025\/06\/490300738_9581112161955546_4129409499099582606_n-300x200.jpg 300w, https:\/\/www.lescircaciers.com\/wp-content\/uploads\/2025\/06\/490300738_9581112161955546_4129409499099582606_n-768x513.jpg 768w, https:\/\/www.lescircaciers.com\/wp-content\/uploads\/2025\/06\/490300738_9581112161955546_4129409499099582606_n-1536x1026.jpg 1536w, https:\/\/www.lescircaciers.com\/wp-content\/uploads\/2025\/06\/490300738_9581112161955546_4129409499099582606_n.jpg 1667w\" sizes=\"auto, (max-width: 1024px) 100vw, 1024px\" \/><figcaption class=\"wp-element-caption\">TERRAIN~VAGUE par LES CIRCACIERS \/ Fresque FZR Sethi &#8211; photographie Alain Amet<\/figcaption><\/figure>\n\n\n\n<figure class=\"wp-block-gallery has-nested-images columns-default is-cropped wp-block-gallery-1 is-layout-flex wp-block-gallery-is-layout-flex\">\n<figure class=\"wp-block-image size-large is-style-default\"><img loading=\"lazy\" decoding=\"async\" width=\"800\" height=\"450\" data-id=\"337\" src=\"https:\/\/www.lescircaciers.com\/wp-content\/uploads\/2025\/06\/4-3.jpg\" alt=\"TERRAIN~VAGUE par LES CIRCACIERS \/ Atelier Le Bois qui Chante au 1er plan - photographie Marion GATINEAU\" class=\"wp-image-337\" srcset=\"https:\/\/www.lescircaciers.com\/wp-content\/uploads\/2025\/06\/4-3.jpg 800w, https:\/\/www.lescircaciers.com\/wp-content\/uploads\/2025\/06\/4-3-300x169.jpg 300w, https:\/\/www.lescircaciers.com\/wp-content\/uploads\/2025\/06\/4-3-768x432.jpg 768w\" sizes=\"auto, (max-width: 800px) 100vw, 800px\" \/><\/figure>\n<\/figure>\n\n\n\n<p class=\"has-text-align-center has-small-font-size\"><em>TERRAIN~VAGUE par LES CIRCACIERS \/ Atelier Le Bois qui Chante au 1er plan &#8211; photographie Marion GATINEAU<\/em><\/p>\n\n\n\n<figure class=\"wp-block-gallery has-nested-images columns-default is-cropped wp-block-gallery-2 is-layout-flex wp-block-gallery-is-layout-flex\">\n<figure class=\"wp-block-image size-large\"><img loading=\"lazy\" decoding=\"async\" width=\"800\" height=\"450\" data-id=\"315\" src=\"https:\/\/www.lescircaciers.com\/wp-content\/uploads\/2025\/06\/3-3.jpg\" alt=\"\" class=\"wp-image-315\"\/><\/figure>\n<\/figure>\n\n\n\n<p class=\"has-text-align-center has-small-font-size\"><em>TERRAIN~VAGUE par LES CIRCACIERS \/ Le BUS &#8211; \u00c9v\u00e9nement Arcane M\u00e9tal &#8211; photographie Herv\u00e9 Photograff<\/em><\/p>\n\n\n\n<figure class=\"wp-block-image size-large\"><img loading=\"lazy\" decoding=\"async\" width=\"1024\" height=\"419\" src=\"http:\/\/www.lescircaciers.com\/wp-content\/uploads\/2025\/06\/2-6-1024x419.jpg\" alt=\"\" class=\"wp-image-354\" srcset=\"https:\/\/www.lescircaciers.com\/wp-content\/uploads\/2025\/06\/2-6-1024x419.jpg 1024w, https:\/\/www.lescircaciers.com\/wp-content\/uploads\/2025\/06\/2-6-300x123.jpg 300w, https:\/\/www.lescircaciers.com\/wp-content\/uploads\/2025\/06\/2-6-768x314.jpg 768w, https:\/\/www.lescircaciers.com\/wp-content\/uploads\/2025\/06\/2-6-1536x628.jpg 1536w, https:\/\/www.lescircaciers.com\/wp-content\/uploads\/2025\/06\/2-6-2048x838.jpg 2048w, https:\/\/www.lescircaciers.com\/wp-content\/uploads\/2025\/06\/2-6-scaled-1600x655.jpg 1600w, https:\/\/www.lescircaciers.com\/wp-content\/uploads\/2025\/06\/2-6-scaled-1200x491.jpg 1200w, https:\/\/www.lescircaciers.com\/wp-content\/uploads\/2025\/06\/2-6-scaled-620x254.jpg 620w, https:\/\/www.lescircaciers.com\/wp-content\/uploads\/2025\/06\/2-6-scaled-400x164.jpg 400w\" sizes=\"auto, (max-width: 1024px) 100vw, 1024px\" \/><\/figure>\n\n\n\n<p class=\"has-text-align-center has-small-font-size\"><em>TERRAIN~VAGUE par LES CIRCACIERS \/ photographie Max AGELOH<\/em><\/p>\n\n\n\n<figure class=\"wp-block-image size-large\"><img loading=\"lazy\" decoding=\"async\" width=\"1024\" height=\"568\" src=\"http:\/\/www.lescircaciers.com\/wp-content\/uploads\/2025\/05\/1-1024x568.jpg\" alt=\"\" class=\"wp-image-9\" srcset=\"https:\/\/www.lescircaciers.com\/wp-content\/uploads\/2025\/05\/1-1024x568.jpg 1024w, https:\/\/www.lescircaciers.com\/wp-content\/uploads\/2025\/05\/1-300x166.jpg 300w, https:\/\/www.lescircaciers.com\/wp-content\/uploads\/2025\/05\/1-768x426.jpg 768w, https:\/\/www.lescircaciers.com\/wp-content\/uploads\/2025\/05\/1-1536x852.jpg 1536w, https:\/\/www.lescircaciers.com\/wp-content\/uploads\/2025\/05\/1.jpg 2048w\" sizes=\"auto, (max-width: 1024px) 100vw, 1024px\" \/><\/figure>\n\n\n\n<p class=\"has-text-align-center has-small-font-size\"><em>TERRAIN~VAGUE par LES CIRCACIERS \/ photographie Max AGELOH<\/em><\/p>\n","protected":false},"excerpt":{"rendered":"<p>Pr\u00e9sentation visuelle avec les photographies majeures pr\u00e9sentant les activit\u00e9s des Circaciers &gt;&gt; Un MERCI immense aux photographes qui nous accompagnement : S\u00e9bastien Dolidon, A.P., Herv\u00e9 Photograff, Iheb Fehri, AL PHOTO, Marion Gatineau, Max Ageloh, Florian B\u00e9renguer, Simon Torlotin, Sylvia Pires Da Rochha, Alain Amet &#8230; TERRAIN~VAGUE par LES CIRCACIERS \/ Atelier Le Bois qui Chante &hellip;<\/p>\n","protected":false},"author":1,"featured_media":0,"parent":0,"menu_order":0,"comment_status":"closed","ping_status":"closed","template":"","meta":{"footnotes":"[]"},"class_list":["post-68","page","type-page","status-publish","hentry"],"_links":{"self":[{"href":"https:\/\/www.lescircaciers.com\/index.php\/wp-json\/wp\/v2\/pages\/68","targetHints":{"allow":["GET"]}}],"collection":[{"href":"https:\/\/www.lescircaciers.com\/index.php\/wp-json\/wp\/v2\/pages"}],"about":[{"href":"https:\/\/www.lescircaciers.com\/index.php\/wp-json\/wp\/v2\/types\/page"}],"author":[{"embeddable":true,"href":"https:\/\/www.lescircaciers.com\/index.php\/wp-json\/wp\/v2\/users\/1"}],"replies":[{"embeddable":true,"href":"https:\/\/www.lescircaciers.com\/index.php\/wp-json\/wp\/v2\/comments?post=68"}],"version-history":[{"count":7,"href":"https:\/\/www.lescircaciers.com\/index.php\/wp-json\/wp\/v2\/pages\/68\/revisions"}],"predecessor-version":[{"id":602,"href":"https:\/\/www.lescircaciers.com\/index.php\/wp-json\/wp\/v2\/pages\/68\/revisions\/602"}],"wp:attachment":[{"href":"https:\/\/www.lescircaciers.com\/index.php\/wp-json\/wp\/v2\/media?parent=68"}],"curies":[{"name":"wp","href":"https:\/\/api.w.org\/{rel}","templated":true}]}}