{"id":7,"date":"2025-06-18T09:42:17","date_gmt":"2025-06-18T07:42:17","guid":{"rendered":"https:\/\/www.lescircaciers.com\/?page_id=7"},"modified":"2025-10-07T10:44:31","modified_gmt":"2025-10-07T08:44:31","slug":"presentation-les-circaciers","status":"publish","type":"page","link":"https:\/\/www.lescircaciers.com\/index.php\/presentation-les-circaciers\/","title":{"rendered":"PR\u00c9SENTATION"},"content":{"rendered":"\n<p class=\"has-text-align-left has-regular-font-size\"><br>Les Circaciers c&#8217;est une association culturelle en itin\u00e9rance dans le Grand Ouest, avec son coeur d&#8217;activit\u00e9 situ\u00e9 dans le Pays de Redon. Fond\u00e9e en 2021 en \u00cele-de-France, la structure a son si\u00e8ge social actuel \u00e9tabli \u00e0 Redon, au Sud de l&#8217;Ille-et-Vilaine (35) en Bretagne -BZH.<\/p>\n\n\n\n<p class=\"has-text-align-left has-regular-font-size\">L\u2019objet social des Circaciers est le <strong>soutien \u00e0 la cr\u00e9ation<\/strong> sous toutes ses formes, dans une approche r\u00e9solument <strong>pluridisciplinaire<\/strong> : artistique, culturelle, artisanale; <strong>ancr\u00e9e dans les transitions<\/strong> incluant le r\u00e9emploi des mat\u00e9riaux, les mati\u00e8res naturelles ou encore les techniques <em>low tech<\/em>.&nbsp;<br><br>Les activit\u00e9s des Circaciers sont multiples &#8211; elles s&#8217;organisent actuellement autour des p\u00f4les majeurs : <br><\/p>\n\n\n\n<ul class=\"wp-block-list\">\n<li><strong>Urbanisme transitoire<\/strong> : occupation temporaire de site r\u00e9habilit\u00e9 en espace de cr\u00e9ation-diffusion-transmission<\/li>\n\n\n\n<li>Organisation d&#8217;<strong>\u00e9v\u00e9nements culturels<\/strong> pluridisciplinaires<\/li>\n\n\n\n<li>Ateliers p\u00e9dagogiques d&#8217;initiation aux <strong>pratiques artistiques<\/strong><\/li>\n<\/ul>\n\n\n\n<p><\/p>\n\n\n<div class=\"wp-block-image\">\n<figure class=\"aligncenter size-large is-resized\"><img loading=\"lazy\" decoding=\"async\" width=\"1024\" height=\"568\" src=\"http:\/\/www.lescircaciers.com\/wp-content\/uploads\/2025\/05\/1-1024x568.jpg\" alt=\"\" class=\"wp-image-9\" style=\"width:552px;height:auto\" srcset=\"https:\/\/www.lescircaciers.com\/wp-content\/uploads\/2025\/05\/1-1024x568.jpg 1024w, https:\/\/www.lescircaciers.com\/wp-content\/uploads\/2025\/05\/1-300x166.jpg 300w, https:\/\/www.lescircaciers.com\/wp-content\/uploads\/2025\/05\/1-768x426.jpg 768w, https:\/\/www.lescircaciers.com\/wp-content\/uploads\/2025\/05\/1-1536x852.jpg 1536w, https:\/\/www.lescircaciers.com\/wp-content\/uploads\/2025\/05\/1.jpg 2048w\" sizes=\"auto, (max-width: 1024px) 100vw, 1024px\" \/><\/figure>\n<\/div>\n\n\n<p class=\"has-text-align-left\"><strong>Pourquoi le nom \u00ab&nbsp;Les Circaciers&nbsp;\u00bb ?<\/strong><\/p>\n\n\n\n<p>C&#8217;est un nom compos\u00e9 d&#8217; &#8220;acier&#8221; qui renvoie \u00e0 la cr\u00e9ation m\u00e9tal, et de &#8220;cirque&#8221; pour la dimension artistique.<\/p>\n\n\n\n<p><\/p>\n","protected":false},"excerpt":{"rendered":"<p>Les Circaciers c&#8217;est une association culturelle en itin\u00e9rance dans le Grand Ouest, avec son coeur d&#8217;activit\u00e9 situ\u00e9 dans le Pays de Redon. Fond\u00e9e en 2021 en \u00cele-de-France, la structure a son si\u00e8ge social actuel \u00e9tabli \u00e0 Redon, au Sud de l&#8217;Ille-et-Vilaine (35) en Bretagne -BZH. L\u2019objet social des Circaciers est le soutien \u00e0 la cr\u00e9ation &hellip;<\/p>\n","protected":false},"author":1,"featured_media":0,"parent":0,"menu_order":0,"comment_status":"closed","ping_status":"closed","template":"","meta":{"footnotes":""},"class_list":["post-7","page","type-page","status-publish","hentry"],"_links":{"self":[{"href":"https:\/\/www.lescircaciers.com\/index.php\/wp-json\/wp\/v2\/pages\/7","targetHints":{"allow":["GET"]}}],"collection":[{"href":"https:\/\/www.lescircaciers.com\/index.php\/wp-json\/wp\/v2\/pages"}],"about":[{"href":"https:\/\/www.lescircaciers.com\/index.php\/wp-json\/wp\/v2\/types\/page"}],"author":[{"embeddable":true,"href":"https:\/\/www.lescircaciers.com\/index.php\/wp-json\/wp\/v2\/users\/1"}],"replies":[{"embeddable":true,"href":"https:\/\/www.lescircaciers.com\/index.php\/wp-json\/wp\/v2\/comments?post=7"}],"version-history":[{"count":32,"href":"https:\/\/www.lescircaciers.com\/index.php\/wp-json\/wp\/v2\/pages\/7\/revisions"}],"predecessor-version":[{"id":644,"href":"https:\/\/www.lescircaciers.com\/index.php\/wp-json\/wp\/v2\/pages\/7\/revisions\/644"}],"wp:attachment":[{"href":"https:\/\/www.lescircaciers.com\/index.php\/wp-json\/wp\/v2\/media?parent=7"}],"curies":[{"name":"wp","href":"https:\/\/api.w.org\/{rel}","templated":true}]}}