{"id":88,"date":"2025-06-18T13:51:45","date_gmt":"2025-06-18T11:51:45","guid":{"rendered":"https:\/\/www.lescircaciers.com\/?page_id=88"},"modified":"2025-11-25T16:41:02","modified_gmt":"2025-11-25T15:41:02","slug":"creation-art-artisanat-culture-territoire","status":"publish","type":"page","link":"https:\/\/www.lescircaciers.com\/","title":{"rendered":"LES CIRCACIERS"},"content":{"rendered":"\n<p><strong>Collectif artistique itin\u00e9rant<br><\/strong>\u2693 port d&#8217;attache ~ Pays de Redon <br>\u26f5 aire de navigation ~ Grand Ouest<\/p>\n\n\n\n<div class=\"alignnormal\"><div id=\"metaslider-id-341\" style=\"width: 100%;\" class=\"ml-slider-3-99-0 metaslider metaslider-flex metaslider-341 ml-slider has-dots-onhover-navigation ms-theme-bitono\" role=\"region\" aria-label=\"Slider Accueil\" data-width=\"5500\">\n    <div id=\"metaslider_container_341\">\n        <div id=\"metaslider_341\">\n            <ul class='slides'>\n                <li style=\"display: block; width: 100%;\" class=\"slide-365 ms-image \" aria-roledescription=\"slide\" data-date=\"2025-06-25 12:24:01\"><img loading=\"lazy\" decoding=\"async\" src=\"https:\/\/www.lescircaciers.com\/wp-content\/uploads\/2025\/06\/1-7-scaled-2559x1047.jpg\" height=\"2250\" width=\"5500\" alt=\"\" class=\"slider-341 slide-365 msDefaultImage\" title=\"1\" \/><\/li>\n                <li style=\"display: none; width: 100%;\" class=\"slide-366 ms-image \" aria-roledescription=\"slide\" data-date=\"2025-06-25 12:24:01\"><img loading=\"lazy\" decoding=\"async\" src=\"https:\/\/www.lescircaciers.com\/wp-content\/uploads\/2025\/06\/2-6-scaled-2559x1047.jpg\" height=\"2250\" width=\"5500\" alt=\"\" class=\"slider-341 slide-366 msDefaultImage\" title=\"2\" \/><\/li>\n                <li style=\"display: none; width: 100%;\" class=\"slide-367 ms-image \" aria-roledescription=\"slide\" data-date=\"2025-06-25 12:24:01\"><img loading=\"lazy\" decoding=\"async\" src=\"https:\/\/www.lescircaciers.com\/wp-content\/uploads\/2025\/06\/3-6-scaled-2559x1047.jpg\" height=\"2250\" width=\"5500\" alt=\"\" class=\"slider-341 slide-367 msDefaultImage\" title=\"3\" \/><\/li>\n                <li style=\"display: none; width: 100%;\" class=\"slide-368 ms-image \" aria-roledescription=\"slide\" data-date=\"2025-06-25 12:24:01\"><img loading=\"lazy\" decoding=\"async\" src=\"https:\/\/www.lescircaciers.com\/wp-content\/uploads\/2025\/06\/4-4-scaled-2559x1047.jpg\" height=\"2250\" width=\"5500\" alt=\"\" class=\"slider-341 slide-368 msDefaultImage\" title=\"4\" \/><\/li>\n                <li style=\"display: none; width: 100%;\" class=\"slide-369 ms-image \" aria-roledescription=\"slide\" data-date=\"2025-06-25 12:24:01\"><img loading=\"lazy\" decoding=\"async\" src=\"https:\/\/www.lescircaciers.com\/wp-content\/uploads\/2025\/06\/5-scaled-2559x1047.jpg\" height=\"2250\" width=\"5500\" alt=\"\" class=\"slider-341 slide-369 msDefaultImage\" title=\"5\" \/><\/li>\n                <li style=\"display: none; width: 100%;\" class=\"slide-587 ms-image \" aria-roledescription=\"slide\" data-date=\"2025-06-30 17:59:52\"><img loading=\"lazy\" decoding=\"async\" src=\"https:\/\/www.lescircaciers.com\/wp-content\/uploads\/2025\/06\/Design-sans-titre-39-scaled-2559x1047.jpg\" height=\"2250\" width=\"5500\" alt=\"\" class=\"slider-341 slide-587 msDefaultImage\" title=\"Design sans titre (39)\" \/><\/li>\n            <\/ul>\n        <\/div>\n        \n    <\/div>\n<\/div><\/div>\n\n\n\n<p style=\"font-size:16px;line-height:1.2\">LES CIRCACIERS c&#8217;est une <strong>association culturelle<\/strong> qui d\u00e9veloppe des projets et des lieux de cr\u00e9ation \u00e0 l&#8217;interface <strong>Bretagne<\/strong> \/ <strong>Pays de La Loire<\/strong>. Ce collectif artistique nomade se d\u00e9place de lieux en lieux, et en espace public, \u00e0 la mani\u00e8re d&#8217;un <strong>cirque itin\u00e9rant<\/strong> &#8211; d&#8217;o\u00f9 le nom Circaciers ; aussi associ\u00e9 \u00e0 la<strong> cr\u00e9ation m\u00e9tal <\/strong>&#8211; activit\u00e9 au fondement de la structure. Plus largement, le but est de soutenir le d\u00e9ploiement de toutes les<strong> pratiques cr\u00e9atives<\/strong> (art, culture, artisanat) ancr\u00e9es dans des d\u00e9marches de <strong>transition <\/strong>(r\u00e9emploi, mati\u00e8res naturelles, low tech). Ainsi, le collectif contribue au d\u00e9ploiement de communaut\u00e9s cr\u00e9atives <strong>ouvertes sur leurs territoires<\/strong>, et de leurs rencontres avec les <strong>publics<\/strong>.<\/p>\n\n\n\n<p class=\"has-text-align-center\"><strong>D\u00e9couvrir nos activit\u00e9s \u2193<\/strong><\/p>\n\n\n\n<div class=\"wp-block-columns is-layout-flex wp-container-core-columns-is-layout-9d6595d7 wp-block-columns-is-layout-flex\">\n<div class=\"wp-block-column is-layout-flow wp-block-column-is-layout-flow\">\n<figure class=\"wp-block-image size-large\" id=\"https:\/\/www.lescircaciers.com\/index.php\/lieux-de-creation\/\"><a href=\"https:\/\/www.lescircaciers.com\/index.php\/lieux-de-creation\/\" rel=\"https:\/\/www.lescircaciers.com\/index.php\/lieux-de-creation\/\"><img loading=\"lazy\" decoding=\"async\" width=\"1024\" height=\"1024\" src=\"https:\/\/www.lescircaciers.com\/wp-content\/uploads\/2025\/06\/1-1-1024x1024.png\" alt=\"\" class=\"wp-image-382\" srcset=\"https:\/\/www.lescircaciers.com\/wp-content\/uploads\/2025\/06\/1-1-1024x1024.png 1024w, https:\/\/www.lescircaciers.com\/wp-content\/uploads\/2025\/06\/1-1-300x300.png 300w, https:\/\/www.lescircaciers.com\/wp-content\/uploads\/2025\/06\/1-1-150x150.png 150w, https:\/\/www.lescircaciers.com\/wp-content\/uploads\/2025\/06\/1-1-768x768.png 768w, https:\/\/www.lescircaciers.com\/wp-content\/uploads\/2025\/06\/1-1.png 1080w\" sizes=\"auto, (max-width: 1024px) 100vw, 1024px\" \/><\/a><\/figure>\n<\/div>\n\n\n\n<div class=\"wp-block-column is-layout-flow wp-block-column-is-layout-flow\">\n<figure class=\"wp-block-image size-large\"><a href=\"https:\/\/www.lescircaciers.com\/index.php\/evenements-culturels\/\"><img loading=\"lazy\" decoding=\"async\" width=\"1024\" height=\"1024\" src=\"https:\/\/www.lescircaciers.com\/wp-content\/uploads\/2025\/06\/2-1-1024x1024.jpg\" alt=\"\" class=\"wp-image-302\" srcset=\"https:\/\/www.lescircaciers.com\/wp-content\/uploads\/2025\/06\/2-1-1024x1024.jpg 1024w, https:\/\/www.lescircaciers.com\/wp-content\/uploads\/2025\/06\/2-1-300x300.jpg 300w, https:\/\/www.lescircaciers.com\/wp-content\/uploads\/2025\/06\/2-1-150x150.jpg 150w, https:\/\/www.lescircaciers.com\/wp-content\/uploads\/2025\/06\/2-1-768x768.jpg 768w, https:\/\/www.lescircaciers.com\/wp-content\/uploads\/2025\/06\/2-1.jpg 1080w\" sizes=\"auto, (max-width: 1024px) 100vw, 1024px\" \/><\/a><\/figure>\n<\/div>\n\n\n\n<div class=\"wp-block-column is-layout-flow wp-block-column-is-layout-flow\">\n<figure class=\"wp-block-image size-large\"><a href=\"https:\/\/www.lescircaciers.com\/index.php\/ateliers-dinitiation-aux-pratiques-creatives\/\"><img loading=\"lazy\" decoding=\"async\" width=\"1024\" height=\"1024\" src=\"https:\/\/www.lescircaciers.com\/wp-content\/uploads\/2025\/06\/3-1-1024x1024.jpg\" alt=\"\" class=\"wp-image-303\" srcset=\"https:\/\/www.lescircaciers.com\/wp-content\/uploads\/2025\/06\/3-1-1024x1024.jpg 1024w, https:\/\/www.lescircaciers.com\/wp-content\/uploads\/2025\/06\/3-1-300x300.jpg 300w, https:\/\/www.lescircaciers.com\/wp-content\/uploads\/2025\/06\/3-1-150x150.jpg 150w, https:\/\/www.lescircaciers.com\/wp-content\/uploads\/2025\/06\/3-1-768x768.jpg 768w, https:\/\/www.lescircaciers.com\/wp-content\/uploads\/2025\/06\/3-1.jpg 1080w\" sizes=\"auto, (max-width: 1024px) 100vw, 1024px\" \/><\/a><\/figure>\n<\/div>\n<\/div>\n\n\n\n<p class=\"has-text-align-center has-medium-font-size\"><strong>EXCLU &#8211; d\u00e9couvrez les premi\u00e8res secondes du Docu sur Les Circaciers r\u00e9alis\u00e9 par Si Drik \u2193<\/strong><\/p>\n\n\n\n<figure style=\"padding-top:0;padding-right:var(--wp--preset--spacing--70);padding-bottom:0;padding-left:var(--wp--preset--spacing--70)\" class=\"wp-block-video\"><video height=\"1080\" style=\"aspect-ratio: 1920 \/ 1080;\" width=\"1920\" controls src=\"https:\/\/www.lescircaciers.com\/wp-content\/uploads\/2025\/06\/Teaser-DOC-Les-Circaciers.mp4\"><\/video><\/figure>\n\n\n\n<p class=\"has-text-align-center has-regular-font-size\">\u2605 MERCI \u00e0 toutes les personnes actives dans l&#8217;\u00e9mergence et l&#8217;essaimage des CIRCACIERS \u2605<br>\u2606 Merci aux b\u00e9n\u00e9loves, membres actif\u00b7ve\u00b7s, artistes, r\u00e9sident\u00b7e\u00b7s, r\u00e9seaux \u2606<br>\u272d Nous remercions nos partenaires qui soutiennent \/ ont soutenu les actions des CIRCACIERS \u272d<\/p>\n\n\n\n<div class=\"wp-block-cb-carousel-v2 cb-carousel-block\" data-cb-slides-per-view=\"1\" data-cb-slides-per-group=\"1\" data-cb-space-between=\"15\" data-cb-speed=\"300\" data-cb-navigation=\"true\" data-cb-pagination=\"true\" data-cb-breakpoints=\"{&quot;768&quot;:{&quot;slidesPerView&quot;:6,&quot;slidesPerGroup&quot;:1}}\"><div class=\"swiper\"><div class=\"cb-wrapper swiper-wrapper\">\n<div class=\"wp-block-cb-slide-v2 cb-slide swiper-slide\"><div class=\"wp-block-image\">\n<figure class=\"aligncenter size-full is-resized\"><img loading=\"lazy\" decoding=\"async\" width=\"768\" height=\"512\" src=\"http:\/\/www.lescircaciers.com\/wp-content\/uploads\/2025\/06\/Flag_of_the_Department_of_Ille-et-Vilaine.svg_.png\" alt=\"\" class=\"wp-image-427\" style=\"width:auto;height:65px\" srcset=\"https:\/\/www.lescircaciers.com\/wp-content\/uploads\/2025\/06\/Flag_of_the_Department_of_Ille-et-Vilaine.svg_.png 768w, https:\/\/www.lescircaciers.com\/wp-content\/uploads\/2025\/06\/Flag_of_the_Department_of_Ille-et-Vilaine.svg_-300x200.png 300w\" sizes=\"auto, (max-width: 768px) 100vw, 768px\" \/><\/figure>\n<\/div><\/div>\n\n\n\n<div class=\"wp-block-cb-slide-v2 cb-slide swiper-slide\"><div class=\"wp-block-image\">\n<figure class=\"aligncenter size-large is-resized\"><img loading=\"lazy\" decoding=\"async\" width=\"1024\" height=\"1024\" src=\"https:\/\/www.lescircaciers.com\/wp-content\/uploads\/2025\/09\/Region-bretagne-logo.svg_-1024x1024.png\" alt=\"\" class=\"wp-image-618\" style=\"width:auto;height:65px\" srcset=\"https:\/\/www.lescircaciers.com\/wp-content\/uploads\/2025\/09\/Region-bretagne-logo.svg_-1024x1024.png 1024w, https:\/\/www.lescircaciers.com\/wp-content\/uploads\/2025\/09\/Region-bretagne-logo.svg_-300x300.png 300w, https:\/\/www.lescircaciers.com\/wp-content\/uploads\/2025\/09\/Region-bretagne-logo.svg_-150x150.png 150w, https:\/\/www.lescircaciers.com\/wp-content\/uploads\/2025\/09\/Region-bretagne-logo.svg_-768x768.png 768w, https:\/\/www.lescircaciers.com\/wp-content\/uploads\/2025\/09\/Region-bretagne-logo.svg_.png 1200w\" sizes=\"auto, (max-width: 1024px) 100vw, 1024px\" \/><\/figure>\n<\/div><\/div>\n\n\n\n<div class=\"wp-block-cb-slide-v2 cb-slide swiper-slide\"><div class=\"wp-block-image\">\n<figure class=\"aligncenter size-large is-resized\"><img loading=\"lazy\" decoding=\"async\" width=\"1024\" height=\"448\" src=\"https:\/\/www.lescircaciers.com\/wp-content\/uploads\/2025\/09\/Nantes_logo.svg_-1-1024x448.png\" alt=\"\" class=\"wp-image-619\" style=\"width:auto;height:65px\" srcset=\"https:\/\/www.lescircaciers.com\/wp-content\/uploads\/2025\/09\/Nantes_logo.svg_-1-1024x448.png 1024w, https:\/\/www.lescircaciers.com\/wp-content\/uploads\/2025\/09\/Nantes_logo.svg_-1-300x131.png 300w, https:\/\/www.lescircaciers.com\/wp-content\/uploads\/2025\/09\/Nantes_logo.svg_-1-768x336.png 768w, https:\/\/www.lescircaciers.com\/wp-content\/uploads\/2025\/09\/Nantes_logo.svg_-1-1536x673.png 1536w, https:\/\/www.lescircaciers.com\/wp-content\/uploads\/2025\/09\/Nantes_logo.svg_-1-2048x897.png 2048w\" sizes=\"auto, (max-width: 1024px) 100vw, 1024px\" \/><\/figure>\n<\/div><\/div>\n\n\n\n<div class=\"wp-block-cb-slide-v2 cb-slide swiper-slide\"><div class=\"wp-block-image\">\n<figure class=\"aligncenter size-large is-resized\"><img loading=\"lazy\" decoding=\"async\" width=\"1024\" height=\"1024\" src=\"https:\/\/www.lescircaciers.com\/wp-content\/uploads\/2025\/09\/309165761_418841547029031_4825049665350787998_n-1-1024x1024.jpg\" alt=\"\" class=\"wp-image-620\" style=\"width:65px;height:auto\" srcset=\"https:\/\/www.lescircaciers.com\/wp-content\/uploads\/2025\/09\/309165761_418841547029031_4825049665350787998_n-1-1024x1024.jpg 1024w, https:\/\/www.lescircaciers.com\/wp-content\/uploads\/2025\/09\/309165761_418841547029031_4825049665350787998_n-1-300x300.jpg 300w, https:\/\/www.lescircaciers.com\/wp-content\/uploads\/2025\/09\/309165761_418841547029031_4825049665350787998_n-1-150x150.jpg 150w, https:\/\/www.lescircaciers.com\/wp-content\/uploads\/2025\/09\/309165761_418841547029031_4825049665350787998_n-1-768x768.jpg 768w, https:\/\/www.lescircaciers.com\/wp-content\/uploads\/2025\/09\/309165761_418841547029031_4825049665350787998_n-1-1536x1536.jpg 1536w, https:\/\/www.lescircaciers.com\/wp-content\/uploads\/2025\/09\/309165761_418841547029031_4825049665350787998_n-1.jpg 1700w\" sizes=\"auto, (max-width: 1024px) 100vw, 1024px\" \/><\/figure>\n<\/div><\/div>\n\n\n\n<div class=\"wp-block-cb-slide-v2 cb-slide swiper-slide\"><div class=\"wp-block-image\">\n<figure class=\"aligncenter size-large\"><img loading=\"lazy\" decoding=\"async\" width=\"1024\" height=\"516\" src=\"http:\/\/www.lescircaciers.com\/wp-content\/uploads\/2025\/09\/Redon-Agglomeration-1024x516.jpg\" alt=\"\" class=\"wp-image-605\" srcset=\"https:\/\/www.lescircaciers.com\/wp-content\/uploads\/2025\/09\/Redon-Agglomeration-1024x516.jpg 1024w, https:\/\/www.lescircaciers.com\/wp-content\/uploads\/2025\/09\/Redon-Agglomeration-300x151.jpg 300w, https:\/\/www.lescircaciers.com\/wp-content\/uploads\/2025\/09\/Redon-Agglomeration-768x387.jpg 768w, https:\/\/www.lescircaciers.com\/wp-content\/uploads\/2025\/09\/Redon-Agglomeration-1536x774.jpg 1536w, https:\/\/www.lescircaciers.com\/wp-content\/uploads\/2025\/09\/Redon-Agglomeration-2048x1032.jpg 2048w\" sizes=\"auto, (max-width: 1024px) 100vw, 1024px\" \/><\/figure>\n<\/div><\/div>\n\n\n\n<div class=\"wp-block-cb-slide-v2 cb-slide swiper-slide\">\n<figure class=\"wp-block-gallery has-nested-images columns-default is-cropped wp-block-gallery-1 is-layout-flex wp-block-gallery-is-layout-flex\">\n<figure class=\"wp-block-image size-large\"><img loading=\"lazy\" decoding=\"async\" width=\"812\" height=\"478\" data-id=\"649\" src=\"https:\/\/www.lescircaciers.com\/wp-content\/uploads\/2025\/10\/Sans-titre-1.jpg\" alt=\"\" class=\"wp-image-649\" srcset=\"https:\/\/www.lescircaciers.com\/wp-content\/uploads\/2025\/10\/Sans-titre-1.jpg 812w, https:\/\/www.lescircaciers.com\/wp-content\/uploads\/2025\/10\/Sans-titre-1-300x177.jpg 300w, https:\/\/www.lescircaciers.com\/wp-content\/uploads\/2025\/10\/Sans-titre-1-768x452.jpg 768w\" sizes=\"auto, (max-width: 812px) 100vw, 812px\" \/><\/figure>\n<\/figure>\n<\/div>\n\n\n\n<div class=\"wp-block-cb-slide-v2 cb-slide swiper-slide\">\n<figure class=\"wp-block-image size-large\"><img loading=\"lazy\" decoding=\"async\" width=\"1024\" height=\"506\" src=\"http:\/\/www.lescircaciers.com\/wp-content\/uploads\/2025\/09\/logo-quartus-1024x506.jpg\" alt=\"\" class=\"wp-image-621\" srcset=\"https:\/\/www.lescircaciers.com\/wp-content\/uploads\/2025\/09\/logo-quartus-1024x506.jpg 1024w, https:\/\/www.lescircaciers.com\/wp-content\/uploads\/2025\/09\/logo-quartus-300x148.jpg 300w, https:\/\/www.lescircaciers.com\/wp-content\/uploads\/2025\/09\/logo-quartus-768x379.jpg 768w, https:\/\/www.lescircaciers.com\/wp-content\/uploads\/2025\/09\/logo-quartus.jpg 1421w\" sizes=\"auto, (max-width: 1024px) 100vw, 1024px\" \/><\/figure>\n<\/div>\n<\/div><\/div><div class=\"cb-pagination swiper-pagination\"><\/div><div class=\"cb-button-prev swiper-button-prev\"><\/div><div class=\"cb-button-next swiper-button-next\"><\/div><\/div>\n\n\n\n<h2 class=\"wp-block-heading\">Parcourez nos actualit\u00e9s >>><\/h2>\n\n\n\n<div class=\"wp-block-query is-layout-flow wp-block-query-is-layout-flow\"><ul class=\"wp-block-post-template is-layout-flow wp-block-post-template-is-layout-flow\"><li class=\"wp-block-post post-684 post type-post status-publish format-standard hentry category-non-classe\">\n<h2 class=\"wp-block-post-title\"><a href=\"https:\/\/www.lescircaciers.com\/index.php\/2026\/01\/14\/nos-meilleurs-voeux-2026-%e2%ad%91\/\" target=\"_self\" >Nos meilleurs v\u0153ux 2026 \u2b51<\/a><\/h2>\n\n\n\n<div class=\"wp-block-post-excerpt\"><p class=\"wp-block-post-excerpt__excerpt\">Avec le collectif Les Circaciers, on a le plaisir de vous adresser nos meilleurs v\u0153uxpour cette nouvelle ann\u00e9e 2026\u2009! Depuis la cr\u00e9ation de l\u2019association en 2021, gr\u00e2ce \u00e0 votre soutien et implication, nous initions des lieux et des projets culturels, cr\u00e9atifs et audacieux \u2b51 Ce sont des convictions profondes qui nous animent et nous poussent<\/p><p class=\"wp-block-post-excerpt__more-text\"><a class=\"wp-block-post-excerpt__more-link\" href=\"https:\/\/www.lescircaciers.com\/index.php\/2026\/01\/14\/nos-meilleurs-voeux-2026-%e2%ad%91\/\">Cliquer <strong>&gt; ICI &lt;<\/strong> pour continuer \u00e0 lire l&#8217;article &gt;&gt;&gt; <\/a><\/p><\/div>\n\n\n<hr class=\"wp-block-separator has-css-opacity\"\/>\n\n\n<div class=\"wp-block-post-date\"><time datetime=\"2026-01-14T17:16:11+01:00\">14 January 2026<\/time><\/div>\n<\/li><li class=\"wp-block-post post-655 post type-post status-publish format-standard hentry category-non-classe\">\n<h2 class=\"wp-block-post-title\"><a href=\"https:\/\/www.lescircaciers.com\/index.php\/2025\/11\/24\/place-a-la-cocotte\/\" target=\"_self\" >Place \u00e0 La Cocotte !<\/a><\/h2>\n\n\n\n<div class=\"wp-block-post-excerpt\"><p class=\"wp-block-post-excerpt__excerpt\">\u00c0 l&#8217;occasion du festival Low-Tech \u00e0 Bains-sur-Oust, du 6 au 8 novembre, Les Circaciers ont pr\u00e9sent\u00e9 leur toute nouvelle cr\u00e9ation : La Cocotte ! Un bain chaud mobile, dont la fabrication est enti\u00e8rement bas\u00e9e sur le r\u00e9emploi. Une vingtaine de personnes ont eu la chance de se baigner dans une eau chauff\u00e9e \u00e0 40\u00b0C, avec<\/p><p class=\"wp-block-post-excerpt__more-text\"><a class=\"wp-block-post-excerpt__more-link\" href=\"https:\/\/www.lescircaciers.com\/index.php\/2025\/11\/24\/place-a-la-cocotte\/\">Cliquer <strong>&gt; ICI &lt;<\/strong> pour continuer \u00e0 lire l&#8217;article &gt;&gt;&gt; <\/a><\/p><\/div>\n\n\n<hr class=\"wp-block-separator has-css-opacity\"\/>\n\n\n<div class=\"wp-block-post-date\"><time datetime=\"2025-11-24T12:49:43+01:00\">24 November 2025<\/time><\/div>\n<\/li><\/ul><\/div>\n","protected":false},"excerpt":{"rendered":"<p>Collectif artistique itin\u00e9rant\u2693 port d&#8217;attache ~ Pays de Redon \u26f5 aire de navigation ~ Grand Ouest LES CIRCACIERS c&#8217;est une association culturelle qui d\u00e9veloppe des projets et des lieux de cr\u00e9ation \u00e0 l&#8217;interface Bretagne \/ Pays de La Loire. Ce collectif artistique nomade se d\u00e9place de lieux en lieux, et en espace public, \u00e0 la &hellip;<\/p>\n","protected":false},"author":1,"featured_media":0,"parent":0,"menu_order":0,"comment_status":"closed","ping_status":"closed","template":"","meta":{"footnotes":""},"class_list":["post-88","page","type-page","status-publish","hentry"],"_links":{"self":[{"href":"https:\/\/www.lescircaciers.com\/index.php\/wp-json\/wp\/v2\/pages\/88","targetHints":{"allow":["GET"]}}],"collection":[{"href":"https:\/\/www.lescircaciers.com\/index.php\/wp-json\/wp\/v2\/pages"}],"about":[{"href":"https:\/\/www.lescircaciers.com\/index.php\/wp-json\/wp\/v2\/types\/page"}],"author":[{"embeddable":true,"href":"https:\/\/www.lescircaciers.com\/index.php\/wp-json\/wp\/v2\/users\/1"}],"replies":[{"embeddable":true,"href":"https:\/\/www.lescircaciers.com\/index.php\/wp-json\/wp\/v2\/comments?post=88"}],"version-history":[{"count":226,"href":"https:\/\/www.lescircaciers.com\/index.php\/wp-json\/wp\/v2\/pages\/88\/revisions"}],"predecessor-version":[{"id":681,"href":"https:\/\/www.lescircaciers.com\/index.php\/wp-json\/wp\/v2\/pages\/88\/revisions\/681"}],"wp:attachment":[{"href":"https:\/\/www.lescircaciers.com\/index.php\/wp-json\/wp\/v2\/media?parent=88"}],"curies":[{"name":"wp","href":"https:\/\/api.w.org\/{rel}","templated":true}]}}